{"id":25630,"date":"2019-10-24T13:20:55","date_gmt":"2019-10-24T13:20:55","guid":{"rendered":"https:\/\/dev.donkey.bikelocal-memberships\/"},"modified":"2021-09-17T10:11:25","modified_gmt":"2021-09-17T10:11:25","slug":"helyi-tagsag","status":"publish","type":"page","link":"https:\/\/dev.donkey.bike\/hu\/helyi-tagsag\/","title":{"rendered":"Helyi tags\u00e1gok"},"content":{"rendered":"","protected":false},"excerpt":{"rendered":"","protected":false},"author":22,"featured_media":0,"parent":0,"menu_order":0,"comment_status":"closed","ping_status":"closed","template":"","meta":{"content-type":"","inline_featured_image":false},"acf":[],"yoast_head":"<!-- This site is optimized with the Yoast SEO plugin v21.8.1 - https:\/\/yoast.com\/wordpress\/plugins\/seo\/ -->\n<title>Helyi biciklis tags\u00e1g - Donkey Republic v\u00e1rosi biciklimegoszt\u00f3 app<\/title>\n<meta name=\"description\" content=\"Legyen egy biciklid minden metr\u00f3\u00e1llom\u00e1sn\u00e1l. A helyi biciklis tags\u00e1g korl\u00e1tlan b\u00e9rl\u00e9st biztos\u00edt, fix \u00f6sszeg\u0171 havi d\u00edj\u00e9rt cser\u00e9be.\" \/>\n<meta name=\"robots\" content=\"noindex, follow\" \/>\n<meta property=\"og:locale\" content=\"hu_HU\" \/>\n<meta property=\"og:type\" content=\"article\" \/>\n<meta property=\"og:title\" content=\"Helyi biciklis tags\u00e1g - Donkey Republic v\u00e1rosi biciklimegoszt\u00f3 app\" \/>\n<meta property=\"og:description\" content=\"Legyen egy biciklid minden metr\u00f3\u00e1llom\u00e1sn\u00e1l. A helyi biciklis tags\u00e1g korl\u00e1tlan b\u00e9rl\u00e9st biztos\u00edt, fix \u00f6sszeg\u0171 havi d\u00edj\u00e9rt cser\u00e9be.\" \/>\n<meta property=\"og:url\" content=\"https:\/\/dev.donkey.bikehu\/helyi-tagsag\/\" \/>\n<meta property=\"og:site_name\" content=\"Donkey Republic - Every ride counts\" \/>\n<meta property=\"article:modified_time\" content=\"2021-09-17T10:11:25+00:00\" \/>\n<meta name=\"twitter:card\" content=\"summary_large_image\" \/>\n<script type=\"application\/ld+json\" class=\"yoast-schema-graph\">{\"@context\":\"https:\/\/schema.org\",\"@graph\":[{\"@type\":\"WebPage\",\"@id\":\"https:\/\/dev.donkey.bikehu\/helyi-tagsag\/\",\"url\":\"https:\/\/dev.donkey.bikehu\/helyi-tagsag\/\",\"name\":\"Helyi biciklis tags\u00e1g - Donkey Republic v\u00e1rosi biciklimegoszt\u00f3 app\",\"isPartOf\":{\"@id\":\"https:\/\/dev.donkey.bike\/#website\"},\"datePublished\":\"2019-10-24T13:20:55+00:00\",\"dateModified\":\"2021-09-17T10:11:25+00:00\",\"description\":\"Legyen egy biciklid minden metr\u00f3\u00e1llom\u00e1sn\u00e1l. A helyi biciklis tags\u00e1g korl\u00e1tlan b\u00e9rl\u00e9st biztos\u00edt, fix \u00f6sszeg\u0171 havi d\u00edj\u00e9rt cser\u00e9be.\",\"breadcrumb\":{\"@id\":\"https:\/\/dev.donkey.bikehu\/helyi-tagsag\/#breadcrumb\"},\"inLanguage\":\"hu\",\"potentialAction\":[{\"@type\":\"ReadAction\",\"target\":[\"https:\/\/dev.donkey.bikehu\/helyi-tagsag\/\"]}]},{\"@type\":\"BreadcrumbList\",\"@id\":\"https:\/\/dev.donkey.bikehu\/helyi-tagsag\/#breadcrumb\",\"itemListElement\":[{\"@type\":\"ListItem\",\"position\":1,\"name\":\"Home\",\"item\":\"https:\/\/dev.donkey.bike\"},{\"@type\":\"ListItem\",\"position\":2,\"name\":\"Helyi tags\u00e1gok\"}]},{\"@type\":\"WebSite\",\"@id\":\"https:\/\/dev.donkey.bike\/#website\",\"url\":\"https:\/\/dev.donkey.bike\/\",\"name\":\"Donkey Republic - Every ride counts\",\"description\":\"Never be without a bike\",\"publisher\":{\"@id\":\"https:\/\/dev.donkey.bike\/#organization\"},\"potentialAction\":[{\"@type\":\"SearchAction\",\"target\":{\"@type\":\"EntryPoint\",\"urlTemplate\":\"https:\/\/dev.donkey.bike\/?s={search_term_string}\"},\"query-input\":\"required name=search_term_string\"}],\"inLanguage\":\"hu\"},{\"@type\":\"Organization\",\"@id\":\"https:\/\/dev.donkey.bike\/#organization\",\"name\":\"Donkey Bike\",\"url\":\"https:\/\/dev.donkey.bike\/\",\"logo\":{\"@type\":\"ImageObject\",\"inLanguage\":\"hu\",\"@id\":\"https:\/\/dev.donkey.bike\/#\/schema\/logo\/image\/\",\"url\":\"https:\/\/cdn.donkey.bike\/wp-content\/uploads\/2016\/04\/16121255\/New-logo-small.png\",\"contentUrl\":\"https:\/\/cdn.donkey.bike\/wp-content\/uploads\/2016\/04\/16121255\/New-logo-small.png\",\"width\":308,\"height\":86,\"caption\":\"Donkey Bike\"},\"image\":{\"@id\":\"https:\/\/dev.donkey.bike\/#\/schema\/logo\/image\/\"}}]}<\/script>\n<!-- \/ Yoast SEO plugin. -->","yoast_head_json":{"title":"Helyi biciklis tags\u00e1g - Donkey Republic v\u00e1rosi biciklimegoszt\u00f3 app","description":"Legyen egy biciklid minden metr\u00f3\u00e1llom\u00e1sn\u00e1l. A helyi biciklis tags\u00e1g korl\u00e1tlan b\u00e9rl\u00e9st biztos\u00edt, fix \u00f6sszeg\u0171 havi d\u00edj\u00e9rt cser\u00e9be.","robots":{"index":"noindex","follow":"follow"},"og_locale":"hu_HU","og_type":"article","og_title":"Helyi biciklis tags\u00e1g - Donkey Republic v\u00e1rosi biciklimegoszt\u00f3 app","og_description":"Legyen egy biciklid minden metr\u00f3\u00e1llom\u00e1sn\u00e1l. A helyi biciklis tags\u00e1g korl\u00e1tlan b\u00e9rl\u00e9st biztos\u00edt, fix \u00f6sszeg\u0171 havi d\u00edj\u00e9rt cser\u00e9be.","og_url":"https:\/\/dev.donkey.bikehu\/helyi-tagsag\/","og_site_name":"Donkey Republic - Every ride counts","article_modified_time":"2021-09-17T10:11:25+00:00","twitter_card":"summary_large_image","schema":{"@context":"https:\/\/schema.org","@graph":[{"@type":"WebPage","@id":"https:\/\/dev.donkey.bikehu\/helyi-tagsag\/","url":"https:\/\/dev.donkey.bikehu\/helyi-tagsag\/","name":"Helyi biciklis tags\u00e1g - Donkey Republic v\u00e1rosi biciklimegoszt\u00f3 app","isPartOf":{"@id":"https:\/\/dev.donkey.bike\/#website"},"datePublished":"2019-10-24T13:20:55+00:00","dateModified":"2021-09-17T10:11:25+00:00","description":"Legyen egy biciklid minden metr\u00f3\u00e1llom\u00e1sn\u00e1l. A helyi biciklis tags\u00e1g korl\u00e1tlan b\u00e9rl\u00e9st biztos\u00edt, fix \u00f6sszeg\u0171 havi d\u00edj\u00e9rt cser\u00e9be.","breadcrumb":{"@id":"https:\/\/dev.donkey.bikehu\/helyi-tagsag\/#breadcrumb"},"inLanguage":"hu","potentialAction":[{"@type":"ReadAction","target":["https:\/\/dev.donkey.bikehu\/helyi-tagsag\/"]}]},{"@type":"BreadcrumbList","@id":"https:\/\/dev.donkey.bikehu\/helyi-tagsag\/#breadcrumb","itemListElement":[{"@type":"ListItem","position":1,"name":"Home","item":"https:\/\/dev.donkey.bike"},{"@type":"ListItem","position":2,"name":"Helyi tags\u00e1gok"}]},{"@type":"WebSite","@id":"https:\/\/dev.donkey.bike\/#website","url":"https:\/\/dev.donkey.bike\/","name":"Donkey Republic - Every ride counts","description":"Never be without a bike","publisher":{"@id":"https:\/\/dev.donkey.bike\/#organization"},"potentialAction":[{"@type":"SearchAction","target":{"@type":"EntryPoint","urlTemplate":"https:\/\/dev.donkey.bike\/?s={search_term_string}"},"query-input":"required name=search_term_string"}],"inLanguage":"hu"},{"@type":"Organization","@id":"https:\/\/dev.donkey.bike\/#organization","name":"Donkey Bike","url":"https:\/\/dev.donkey.bike\/","logo":{"@type":"ImageObject","inLanguage":"hu","@id":"https:\/\/dev.donkey.bike\/#\/schema\/logo\/image\/","url":"https:\/\/cdn.donkey.bike\/wp-content\/uploads\/2016\/04\/16121255\/New-logo-small.png","contentUrl":"https:\/\/cdn.donkey.bike\/wp-content\/uploads\/2016\/04\/16121255\/New-logo-small.png","width":308,"height":86,"caption":"Donkey Bike"},"image":{"@id":"https:\/\/dev.donkey.bike\/#\/schema\/logo\/image\/"}}]}},"_links":{"self":[{"href":"https:\/\/dev.donkey.bike\/hu\/wp-json\/wp\/v2\/pages\/25630"}],"collection":[{"href":"https:\/\/dev.donkey.bike\/hu\/wp-json\/wp\/v2\/pages"}],"about":[{"href":"https:\/\/dev.donkey.bike\/hu\/wp-json\/wp\/v2\/types\/page"}],"author":[{"embeddable":true,"href":"https:\/\/dev.donkey.bike\/hu\/wp-json\/wp\/v2\/users\/22"}],"replies":[{"embeddable":true,"href":"https:\/\/dev.donkey.bike\/hu\/wp-json\/wp\/v2\/comments?post=25630"}],"version-history":[{"count":6,"href":"https:\/\/dev.donkey.bike\/hu\/wp-json\/wp\/v2\/pages\/25630\/revisions"}],"predecessor-version":[{"id":30865,"href":"https:\/\/dev.donkey.bike\/hu\/wp-json\/wp\/v2\/pages\/25630\/revisions\/30865"}],"wp:attachment":[{"href":"https:\/\/dev.donkey.bike\/hu\/wp-json\/wp\/v2\/media?parent=25630"}],"curies":[{"name":"wp","href":"https:\/\/api.w.org\/{rel}","templated":true}]}}